{"id":22327,"date":"2017-06-27T09:13:34","date_gmt":"2017-06-27T07:13:34","guid":{"rendered":"http:\/\/www.forint.it\/?page_id=22327"},"modified":"2017-06-29T15:52:55","modified_gmt":"2017-06-29T13:52:55","slug":"methode-forint","status":"publish","type":"page","link":"https:\/\/forint.it\/fr\/methode-forint\/","title":{"rendered":"M\u00e9thode Forint"},"content":{"rendered":"<div class=\"wpb-content-wrapper\"><p>[vc_row row_type=\u00a0\u00bbrow\u00a0\u00bb use_row_as_full_screen_section=\u00a0\u00bbno\u00a0\u00bb type=\u00a0\u00bbfull_width\u00a0\u00bb text_align=\u00a0\u00bbleft\u00a0\u00bb css_animation=\u00a0\u00bb\u00a0\u00bb][vc_column][vc_column_text]<\/p>\n<h2><span style=\"color: #134294;\">La m\u00e9thode Forint pour exprimer au mieux l\u2019identit\u00e9 d\u2019une marque \u00e0 travers l\u2019habillement professionnel. En sept \u00e9tapes :<\/span><\/h2>\n<p>[\/vc_column_text][vc_empty_space height=\u00a0\u00bb80px\u00a0\u00bb][\/vc_column][\/vc_row][vc_row row_type=\u00a0\u00bbrow\u00a0\u00bb use_row_as_full_screen_section=\u00a0\u00bbno\u00a0\u00bb type=\u00a0\u00bbfull_width\u00a0\u00bb text_align=\u00a0\u00bbleft\u00a0\u00bb css_animation=\u00a0\u00bb\u00a0\u00bb][vc_column width=\u00a0\u00bb1\/6&Prime;][vc_single_image image=\u00a0\u00bb22004&Prime; img_size=\u00a0\u00bb150&#215;200&Prime; alignment=\u00a0\u00bbcenter\u00a0\u00bb qode_css_animation=\u00a0\u00bb\u00a0\u00bb transition_delay=\u00a0\u00bb1&Prime;][vc_empty_space height=\u00a0\u00bb40px\u00a0\u00bb][\/vc_column][vc_column width=\u00a0\u00bb2\/6&Prime;][vc_column_text]<\/p>\n<h3><span style=\"color: #134294; font-weight: 900; text-transform: uppercase;\">1. Briefing<\/span><\/h3>\n<p>Attention, dialogue et \u00e9change sont \u00e0 la base de notre service.<\/p>\n<p>Nous savons que chaque client est unique et qu\u2019il doit \u00eatre \u00e9cout\u00e9 avec attention, pour conna\u00eetre, comprendre et transformer ses exigences en r\u00e9alit\u00e9s. [\/vc_column_text][vc_empty_space height=\u00a0\u00bb80px\u00a0\u00bb][\/vc_column][vc_column width=\u00a0\u00bb1\/6&Prime;][vc_single_image image=\u00a0\u00bb22001&Prime; img_size=\u00a0\u00bb150&#215;216&Prime; alignment=\u00a0\u00bbcenter\u00a0\u00bb qode_css_animation=\u00a0\u00bb\u00a0\u00bb transition_delay=\u00a0\u00bb1&Prime;][vc_empty_space height=\u00a0\u00bb40px\u00a0\u00bb][\/vc_column][vc_column width=\u00a0\u00bb2\/6&Prime;][vc_column_text]<\/p>\n<h3><span style=\"color: #134294; font-weight: 900; text-transform: uppercase;\">2. Design<\/span><\/h3>\n<p>Chaque v\u00eatement Forint na\u00eet de l\u2019exp\u00e9rience de nos designers, des experts dans l\u2019art de combiner commodit\u00e9, facilit\u00e9 d\u2019entretien et surtout bon go\u00fbt.<br \/>\nDes qualit\u00e9s indispensables pour des habits professionnels de grandes entreprises qui repr\u00e9sentent l\u2019excellence italienne dans le monde.[\/vc_column_text][vc_empty_space height=\u00a0\u00bb80px\u00a0\u00bb][\/vc_column][\/vc_row][vc_row row_type=\u00a0\u00bbrow\u00a0\u00bb use_row_as_full_screen_section=\u00a0\u00bbno\u00a0\u00bb type=\u00a0\u00bbfull_width\u00a0\u00bb text_align=\u00a0\u00bbleft\u00a0\u00bb css_animation=\u00a0\u00bb\u00a0\u00bb][vc_column width=\u00a0\u00bb1\/6&Prime;][vc_single_image image=\u00a0\u00bb21998&Prime; img_size=\u00a0\u00bb150&#215;225&Prime; alignment=\u00a0\u00bbcenter\u00a0\u00bb qode_css_animation=\u00a0\u00bb\u00a0\u00bb transition_delay=\u00a0\u00bb1&Prime;][vc_empty_space height=\u00a0\u00bb40px\u00a0\u00bb][\/vc_column][vc_column width=\u00a0\u00bb2\/6&Prime;][vc_column_text]<\/p>\n<h3><span style=\"color: #134294; font-weight: 900; text-transform: uppercase;\">3. S\u00e9lection des mat\u00e9riaux<\/span><\/h3>\n<p>Forint choisit uniquement des tissus et des accessoires de premi\u00e8re qualit\u00e9, qui sont produits par de grandes marques italiennes avec une exp\u00e9rience consolid\u00e9e.<br \/>\nParmi elles, on trouve les tissus historiques et ind\u00e9modables Marzotto. Des mat\u00e9riaux qui viennent de pr\u00e8s pour des habits qui peuvent faire beaucoup de chemin.[\/vc_column_text][vc_empty_space height=\u00a0\u00bb80px\u00a0\u00bb][\/vc_column][vc_column width=\u00a0\u00bb1\/6&Prime;][vc_single_image image=\u00a0\u00bb21995&Prime; img_size=\u00a0\u00bb150&#215;225&Prime; alignment=\u00a0\u00bbcenter\u00a0\u00bb qode_css_animation=\u00a0\u00bb\u00a0\u00bb transition_delay=\u00a0\u00bb1&Prime;][vc_empty_space height=\u00a0\u00bb40px\u00a0\u00bb][\/vc_column][vc_column width=\u00a0\u00bb2\/6&Prime;][vc_column_text]<\/p>\n<h3><span style=\"color: #134294; font-weight: 900; text-transform: uppercase;\">4. Prise des mesures<\/span><\/h3>\n<p>Le recueil d\u2019informations relatives aux tailles et aux mensurations est une \u00e9tape d\u00e9licate et laborieuse. Forint utilise des instruments informatiques qui rendent l\u2019op\u00e9ration plus rapide, en permettant une plus grande pr\u00e9cision dans la r\u00e9alisation des prototypes et en archivant les donn\u00e9es individuelles pour toutes les nouvelles fournitures.<br \/>\nD\u2019\u00e9ventuelles modifications de taille peuvent \u00eatre signal\u00e9es et g\u00e9r\u00e9es \u00e9galement dans un deuxi\u00e8me moment, avec une mise \u00e0 jour de la base de donn\u00e9e.[\/vc_column_text][vc_empty_space height=\u00a0\u00bb80px\u00a0\u00bb][\/vc_column][\/vc_row][vc_row row_type=\u00a0\u00bbrow\u00a0\u00bb use_row_as_full_screen_section=\u00a0\u00bbno\u00a0\u00bb type=\u00a0\u00bbfull_width\u00a0\u00bb text_align=\u00a0\u00bbleft\u00a0\u00bb css_animation=\u00a0\u00bb\u00a0\u00bb][vc_column width=\u00a0\u00bb1\/6&Prime;][vc_single_image image=\u00a0\u00bb21992&Prime; img_size=\u00a0\u00bb150&#215;220&Prime; alignment=\u00a0\u00bbcenter\u00a0\u00bb qode_css_animation=\u00a0\u00bb\u00a0\u00bb transition_delay=\u00a0\u00bb1&Prime;][vc_empty_space height=\u00a0\u00bb40px\u00a0\u00bb][\/vc_column][vc_column width=\u00a0\u00bb2\/6&Prime;][vc_column_text]<\/p>\n<h3><span style=\"color: #134294; font-weight: 900; text-transform: uppercase;\">5. Confection<\/span><\/h3>\n<p>Chaque v\u00eatement est coup\u00e9 et cousu sur mesure pour la personne qui le portera, en permettant un service ad hoc pour toute morphologie.<br \/>\nLe destinataire final est indiqu\u00e9 \u00e0 travers un code individuel ou, sur demande, avec son nom et son pr\u00e9nom. Les donn\u00e9es relatives \u00e0 chaque v\u00eatement sont archiv\u00e9es par le service I.T. Forint et restent constamment \u00e0 la disposition du client.[\/vc_column_text][vc_empty_space height=\u00a0\u00bb80px\u00a0\u00bb][\/vc_column][vc_column width=\u00a0\u00bb1\/6&Prime;][vc_single_image image=\u00a0\u00bb21989&Prime; img_size=\u00a0\u00bb150&#215;225&Prime; alignment=\u00a0\u00bbcenter\u00a0\u00bb qode_css_animation=\u00a0\u00bb\u00a0\u00bb transition_delay=\u00a0\u00bb1&Prime;][vc_empty_space height=\u00a0\u00bb40px\u00a0\u00bb][\/vc_column][vc_column width=\u00a0\u00bb2\/6&Prime;][vc_column_text]<\/p>\n<h3><span style=\"color: #134294; font-weight: 900; text-transform: uppercase;\">6. Livraison<\/span><\/h3>\n<p>Les uniformes termin\u00e9s peuvent \u00eatre stock\u00e9s aupr\u00e8s des filiales Forint r\u00e9parties dans toute l\u2019Italie ou bien livr\u00e9s au si\u00e8ge du client.<br \/>\nLes clients qui pr\u00e9f\u00e8rent \u00e9viter le stockage des marchandises peuvent opter pour des kits individuels personnalis\u00e9s contenant toute la garde robe professionnelle, qui seront livr\u00e9s directement au domicile de chaque destinataire.[\/vc_column_text][vc_empty_space height=\u00a0\u00bb80px\u00a0\u00bb][\/vc_column][\/vc_row][vc_row row_type=\u00a0\u00bbrow\u00a0\u00bb use_row_as_full_screen_section=\u00a0\u00bbno\u00a0\u00bb type=\u00a0\u00bbfull_width\u00a0\u00bb text_align=\u00a0\u00bbleft\u00a0\u00bb css_animation=\u00a0\u00bb\u00a0\u00bb][vc_column width=\u00a0\u00bb1\/6&Prime;][vc_single_image image=\u00a0\u00bb21986&Prime; img_size=\u00a0\u00bb150&#215;190&Prime; alignment=\u00a0\u00bbcenter\u00a0\u00bb qode_css_animation=\u00a0\u00bb\u00a0\u00bb transition_delay=\u00a0\u00bb1&Prime;][vc_empty_space height=\u00a0\u00bb40px\u00a0\u00bb][\/vc_column][vc_column width=\u00a0\u00bb2\/6&Prime;][vc_column_text]<\/p>\n<h3><span style=\"color: #134294; font-weight: 900; text-transform: uppercase;\">7. Service apr\u00e8s vente<\/span><\/h3>\n<p>Les clients Forint peuvent se mettre en relation avec nous sur un portail informatique qui permet la gestion des donn\u00e9es de distribution et de stockage,<br \/>\nl\u2019acquisition et la consultation en ligne d\u2019informations comptables et de rapports d\u2019activit\u00e9. Le tout en temps r\u00e9el \u00e0 travers l\u2019espace pr\u00e9vu en ligne, il est possible \u00e9galement de demander d\u2019autres petites interventions de personnalisation.[\/vc_column_text][vc_empty_space height=\u00a0\u00bb80px\u00a0\u00bb][\/vc_column][vc_column width=\u00a0\u00bb1\/6&Prime;][\/vc_column][vc_column width=\u00a0\u00bb2\/6&Prime;][\/vc_column][\/vc_row]<\/p>\n<\/div>","protected":false},"excerpt":{"rendered":"<p>[vc_row row_type=\u00a0\u00bbrow\u00a0\u00bb use_row_as_full_screen_section=\u00a0\u00bbno\u00a0\u00bb type=\u00a0\u00bbfull_width\u00a0\u00bb text_align=\u00a0\u00bbleft\u00a0\u00bb css_animation=\u00a0\u00bb\u00a0\u00bb][vc_column][vc_column_text] La m\u00e9thode Forint pour exprimer au mieux l\u2019identit\u00e9 d\u2019une marque \u00e0 travers l\u2019habillement professionnel. En sept \u00e9tapes : [\/vc_column_text][vc_empty_space height=\u00a0\u00bb80px\u00a0\u00bb][\/vc_column][\/vc_row][vc_row row_type=\u00a0\u00bbrow\u00a0\u00bb use_row_as_full_screen_section=\u00a0\u00bbno\u00a0\u00bb type=\u00a0\u00bbfull_width\u00a0\u00bb text_align=\u00a0\u00bbleft\u00a0\u00bb css_animation=\u00a0\u00bb\u00a0\u00bb][vc_column width=\u00a0\u00bb1\/6&Prime;][vc_single_image image=\u00a0\u00bb22004&Prime; img_size=\u00a0\u00bb150&#215;200&Prime; alignment=\u00a0\u00bbcenter\u00a0\u00bb qode_css_animation=\u00a0\u00bb\u00a0\u00bb transition_delay=\u00a0\u00bb1&Prime;][vc_empty_space height=\u00a0\u00bb40px\u00a0\u00bb][\/vc_column][vc_column width=\u00a0\u00bb2\/6&Prime;][vc_column_text] 1. Briefing Attention, dialogue et \u00e9change&#8230;<\/p>\n","protected":false},"author":1,"featured_media":0,"parent":0,"menu_order":0,"comment_status":"closed","ping_status":"closed","template":"","meta":{"inline_featured_image":false,"_exactmetrics_skip_tracking":false,"_exactmetrics_sitenote_active":false,"_exactmetrics_sitenote_note":"","_exactmetrics_sitenote_category":0,"footnotes":""},"class_list":["post-22327","page","type-page","status-publish","hentry"],"aioseo_notices":[],"_links":{"self":[{"href":"https:\/\/forint.it\/fr\/wp-json\/wp\/v2\/pages\/22327","targetHints":{"allow":["GET"]}}],"collection":[{"href":"https:\/\/forint.it\/fr\/wp-json\/wp\/v2\/pages"}],"about":[{"href":"https:\/\/forint.it\/fr\/wp-json\/wp\/v2\/types\/page"}],"author":[{"embeddable":true,"href":"https:\/\/forint.it\/fr\/wp-json\/wp\/v2\/users\/1"}],"replies":[{"embeddable":true,"href":"https:\/\/forint.it\/fr\/wp-json\/wp\/v2\/comments?post=22327"}],"version-history":[{"count":6,"href":"https:\/\/forint.it\/fr\/wp-json\/wp\/v2\/pages\/22327\/revisions"}],"predecessor-version":[{"id":22584,"href":"https:\/\/forint.it\/fr\/wp-json\/wp\/v2\/pages\/22327\/revisions\/22584"}],"wp:attachment":[{"href":"https:\/\/forint.it\/fr\/wp-json\/wp\/v2\/media?parent=22327"}],"curies":[{"name":"wp","href":"https:\/\/api.w.org\/{rel}","templated":true}]}}