{"id":22337,"date":"2017-06-27T09:34:36","date_gmt":"2017-06-27T07:34:36","guid":{"rendered":"http:\/\/www.forint.it\/?page_id=22337"},"modified":"2017-06-29T15:50:38","modified_gmt":"2017-06-29T13:50:38","slug":"qualite-forint","status":"publish","type":"page","link":"https:\/\/forint.it\/fr\/qualite-forint\/","title":{"rendered":"Qualit\u00e9 Forint"},"content":{"rendered":"<div class=\"wpb-content-wrapper\"><p>[vc_row row_type=\u00a0\u00bbrow\u00a0\u00bb use_row_as_full_screen_section=\u00a0\u00bbno\u00a0\u00bb type=\u00a0\u00bbfull_width\u00a0\u00bb text_align=\u00a0\u00bbleft\u00a0\u00bb css_animation=\u00a0\u00bb\u00a0\u00bb][vc_column][vc_empty_space height=\u00a0\u00bb40px\u00a0\u00bb][\/vc_column][\/vc_row][vc_row row_type=\u00a0\u00bbrow\u00a0\u00bb use_row_as_full_screen_section=\u00a0\u00bbno\u00a0\u00bb type=\u00a0\u00bbfull_width\u00a0\u00bb text_align=\u00a0\u00bbleft\u00a0\u00bb css_animation=\u00a0\u00bb\u00a0\u00bb][vc_column width=\u00a0\u00bb1\/6&Prime;][vc_single_image image=\u00a0\u00bb21730&Prime; img_size=\u00a0\u00bb150&#215;225&Prime; alignment=\u00a0\u00bbcenter\u00a0\u00bb qode_css_animation=\u00a0\u00bb\u00a0\u00bb transition_delay=\u00a0\u00bb1&Prime;][vc_empty_space height=\u00a0\u00bb40px\u00a0\u00bb][\/vc_column][vc_column width=\u00a0\u00bb2\/6&Prime;][vc_column_text]<\/p>\n<h3><span style=\"color: #ef8e2e; font-weight: 900; text-transform: uppercase;\"> Solidit\u00e9<\/span><\/h3>\n<p>Les uniformes Forint sont le r\u00e9sultat d\u2019un mariage parfait\u00a0entre, d\u2019un c\u00f4t\u00e9 <strong>des tissus et des accessoires de tr\u00e8s grande qualit\u00e9<\/strong>, et de l\u2019autre, des processus de coupe, de confection et d\u2019essai particuli\u00e8rement soign\u00e9s.<\/p>\n<p>Les mat\u00e9riaux les meilleurs et les <strong>technologies les plus avanc\u00e9es<\/strong> nous permettent d\u2019offrir des habits qui r\u00e9sistent \u00e0 l\u2019usure et aux lavages, en garantissant des couleurs qui ne passent pas et des v\u00eatements qui ne se d\u00e9forment pas.<\/p>\n<p>Car la r\u00e9sistance des v\u00eatements Forint est le r\u00e9sultat d\u2019un processus qui recherche l\u2019excellence \u00e0 chacune des \u00e9tapes de production.[\/vc_column_text][vc_empty_space height=\u00a0\u00bb80px\u00a0\u00bb][\/vc_column][vc_column width=\u00a0\u00bb1\/6&Prime;][vc_single_image image=\u00a0\u00bb21728&Prime; img_size=\u00a0\u00bb150&#215;225&Prime; alignment=\u00a0\u00bbcenter\u00a0\u00bb qode_css_animation=\u00a0\u00bb\u00a0\u00bb transition_delay=\u00a0\u00bb1&Prime;][vc_empty_space height=\u00a0\u00bb40px\u00a0\u00bb][\/vc_column][vc_column width=\u00a0\u00bb2\/6&Prime;][vc_column_text]<\/p>\n<h3><span style=\"color: #ef8e2e; font-weight: 900; text-transform: uppercase;\"> Constance<\/span><\/h3>\n<p>Les origines de Forint remontent aux ann\u00e9es soixante-dix, quand de nombreuses entreprises \u00e0 l\u2019exp\u00e9rience consolid\u00e9e dans le secteur textile d\u00e9cid\u00e8rent d\u2019unir leurs forces. Leur objectif \u00e9tait ambitieux : r\u00e9aliser des uniformes pour les entreprises de taille moyenne ou grande. Des milliers de v\u00eatements sur mesure au prix de v\u00eatements de confection.<\/p>\n<p>Depuis lors, et d\u00e8s ses premi\u00e8res ann\u00e9es de vie, Forint a offert une production industrielle avec des <strong>standards de qualit\u00e9 sup\u00e9rieurs<\/strong>, semblables \u00e0 ceux qui ont rendu la haute couture italienne un exemple au niveau international.<\/p>\n<p>Car avec engagement et constance, tout est possible.[\/vc_column_text][vc_empty_space height=\u00a0\u00bb80px\u00a0\u00bb][\/vc_column][\/vc_row][vc_row row_type=\u00a0\u00bbrow\u00a0\u00bb use_row_as_full_screen_section=\u00a0\u00bbno\u00a0\u00bb type=\u00a0\u00bbfull_width\u00a0\u00bb text_align=\u00a0\u00bbleft\u00a0\u00bb css_animation=\u00a0\u00bb\u00a0\u00bb][vc_column width=\u00a0\u00bb1\/6&Prime;][vc_single_image image=\u00a0\u00bb21729&Prime; img_size=\u00a0\u00bb150&#215;225&Prime; alignment=\u00a0\u00bbcenter\u00a0\u00bb qode_css_animation=\u00a0\u00bb\u00a0\u00bb transition_delay=\u00a0\u00bb1&Prime;][vc_empty_space height=\u00a0\u00bb40px\u00a0\u00bb][\/vc_column][vc_column width=\u00a0\u00bb2\/6&Prime;][vc_column_text]<\/p>\n<h3><span style=\"color: #ef8e2e; font-weight: 900; text-transform: uppercase;\"> M\u00e9thodologie<\/span><\/h3>\n<p>Forint coordonne toutes les \u00e9tapes en optimisant efficacit\u00e9 et <strong>efficience dans la r\u00e9alisation des produits<\/strong>. L\u2019objectif est d\u2019obtenir, de maintenir et d\u2019augmenter la satisfaction des clients.<\/p>\n<p>La qualit\u00e9 des sch\u00e9mas de gestion Forint est concr\u00e8te et mesurable, \u00e9tant donn\u00e9 que, depuis le 5 novembre 1999, nous faisons partie des entreprises conformes \u00e0 la norme uni en iso 9001, la certification la plus importante parmi celles attribu\u00e9es par l\u2019international organization for standardization.<\/p>\n<p>Et cela parce que notre syst\u00e8me se base sur un succ\u00e8s exp\u00e9riment\u00e9 dans l\u2019organisation des processus d\u2019entreprise.[\/vc_column_text][vc_empty_space height=\u00a0\u00bb80px\u00a0\u00bb][\/vc_column][vc_column width=\u00a0\u00bb1\/6&Prime;][vc_single_image image=\u00a0\u00bb21731&Prime; img_size=\u00a0\u00bb150&#215;225&Prime; alignment=\u00a0\u00bbcenter\u00a0\u00bb qode_css_animation=\u00a0\u00bb\u00a0\u00bb transition_delay=\u00a0\u00bb1&Prime;][vc_empty_space height=\u00a0\u00bb40px\u00a0\u00bb][\/vc_column][vc_column width=\u00a0\u00bb2\/6&Prime;][vc_column_text]<\/p>\n<h3><span style=\"color: #ef8e2e; font-weight: 900; text-transform: uppercase;\"> Proximit\u00e9<\/span><\/h3>\n<p>Le point fort du service au client Forint ? Une <strong>pr\u00e9sence g\u00e9n\u00e9ralis\u00e9e<\/strong> couvrant tout le territoire italien.<\/p>\n<p>En plus d\u2019offrir des prises de mensuration directement au si\u00e8ge du client, nous avons de nombreux si\u00e8ges op\u00e9rationnels r\u00e9partis dans toute la p\u00e9ninsule italienne.<\/p>\n<p>Car nous voulons \u00eatre toujours proches de nos clients. Comme si nous travaillions avec eux.[\/vc_column_text][vc_empty_space height=\u00a0\u00bb80px\u00a0\u00bb][\/vc_column][\/vc_row][vc_row row_type=\u00a0\u00bbrow\u00a0\u00bb use_row_as_full_screen_section=\u00a0\u00bbno\u00a0\u00bb type=\u00a0\u00bbfull_width\u00a0\u00bb text_align=\u00a0\u00bbleft\u00a0\u00bb css_animation=\u00a0\u00bb\u00a0\u00bb][vc_column width=\u00a0\u00bb1\/3&Prime;][\/vc_column][vc_column width=\u00a0\u00bb2\/3&Prime;][\/vc_column][\/vc_row]<\/p>\n<\/div>","protected":false},"excerpt":{"rendered":"<p>[vc_row row_type=\u00a0\u00bbrow\u00a0\u00bb use_row_as_full_screen_section=\u00a0\u00bbno\u00a0\u00bb type=\u00a0\u00bbfull_width\u00a0\u00bb text_align=\u00a0\u00bbleft\u00a0\u00bb css_animation=\u00a0\u00bb\u00a0\u00bb][vc_column][vc_empty_space height=\u00a0\u00bb40px\u00a0\u00bb][\/vc_column][\/vc_row][vc_row row_type=\u00a0\u00bbrow\u00a0\u00bb use_row_as_full_screen_section=\u00a0\u00bbno\u00a0\u00bb type=\u00a0\u00bbfull_width\u00a0\u00bb text_align=\u00a0\u00bbleft\u00a0\u00bb css_animation=\u00a0\u00bb\u00a0\u00bb][vc_column width=\u00a0\u00bb1\/6&Prime;][vc_single_image image=\u00a0\u00bb21730&Prime; img_size=\u00a0\u00bb150&#215;225&Prime; alignment=\u00a0\u00bbcenter\u00a0\u00bb qode_css_animation=\u00a0\u00bb\u00a0\u00bb transition_delay=\u00a0\u00bb1&Prime;][vc_empty_space height=\u00a0\u00bb40px\u00a0\u00bb][\/vc_column][vc_column width=\u00a0\u00bb2\/6&Prime;][vc_column_text] Solidit\u00e9 Les uniformes Forint sont le r\u00e9sultat d\u2019un mariage parfait\u00a0entre, d\u2019un c\u00f4t\u00e9 des tissus et des accessoires de tr\u00e8s grande qualit\u00e9, et de l\u2019autre, des&#8230;<\/p>\n","protected":false},"author":1,"featured_media":0,"parent":0,"menu_order":0,"comment_status":"closed","ping_status":"closed","template":"","meta":{"inline_featured_image":false,"_exactmetrics_skip_tracking":false,"_exactmetrics_sitenote_active":false,"_exactmetrics_sitenote_note":"","_exactmetrics_sitenote_category":0,"footnotes":""},"class_list":["post-22337","page","type-page","status-publish","hentry"],"aioseo_notices":[],"_links":{"self":[{"href":"https:\/\/forint.it\/fr\/wp-json\/wp\/v2\/pages\/22337","targetHints":{"allow":["GET"]}}],"collection":[{"href":"https:\/\/forint.it\/fr\/wp-json\/wp\/v2\/pages"}],"about":[{"href":"https:\/\/forint.it\/fr\/wp-json\/wp\/v2\/types\/page"}],"author":[{"embeddable":true,"href":"https:\/\/forint.it\/fr\/wp-json\/wp\/v2\/users\/1"}],"replies":[{"embeddable":true,"href":"https:\/\/forint.it\/fr\/wp-json\/wp\/v2\/comments?post=22337"}],"version-history":[{"count":5,"href":"https:\/\/forint.it\/fr\/wp-json\/wp\/v2\/pages\/22337\/revisions"}],"predecessor-version":[{"id":22583,"href":"https:\/\/forint.it\/fr\/wp-json\/wp\/v2\/pages\/22337\/revisions\/22583"}],"wp:attachment":[{"href":"https:\/\/forint.it\/fr\/wp-json\/wp\/v2\/media?parent=22337"}],"curies":[{"name":"wp","href":"https:\/\/api.w.org\/{rel}","templated":true}]}}