{"id":22480,"date":"2017-06-27T18:37:27","date_gmt":"2017-06-27T16:37:27","guid":{"rendered":"http:\/\/www.forint.it\/?page_id=22480\/"},"modified":"2022-01-25T16:00:09","modified_gmt":"2022-01-25T15:00:09","slug":"home-main-fr","status":"publish","type":"page","link":"https:\/\/forint.it\/fr\/","title":{"rendered":"Home Main FR"},"content":{"rendered":"<div class=\"wpb-content-wrapper\"><p>[vc_row row_type=\u00a0\u00bbrow\u00a0\u00bb use_row_as_full_screen_section=\u00a0\u00bbno\u00a0\u00bb type=\u00a0\u00bbgrid\u00a0\u00bb anchor=\u00a0\u00bbentreprise\u00a0\u00bb text_align=\u00a0\u00bbleft\u00a0\u00bb background_animation=\u00a0\u00bbnone\u00a0\u00bb padding_top=\u00a0\u00bb108&Prime; padding_bottom=\u00a0\u00bb78&Prime; css_animation=\u00a0\u00bb\u00a0\u00bb][vc_column offset=\u00a0\u00bbvc_col-md-5&Prime;][vc_column_text]<\/p>\n<h2 style=\"color: #1c438f;\">Nous habillons les meilleurs.<\/h2>\n<p>[\/vc_column_text][vc_empty_space height=\u00a0\u00bb30px\u00a0\u00bb][\/vc_column][vc_column offset=\u00a0\u00bbvc_col-md-7&Prime;][vc_column_text]Bienvenus dans le monde Forint. Un monde compos\u00e9 d\u2019identit\u00e9s fortes qui sont repr\u00e9sent\u00e9es sous leur meilleur jour par des <strong>v\u00eatements<\/strong> et des <strong>uniformes de travail<\/strong> de <strong>qualit\u00e9 sup\u00e9rieure<\/strong>.<\/p>\n<p>Un monde o\u00f9 l\u2019attention envers le client est le d\u00e9but d\u2019un parcours qui se veut unique, gr\u00e2ce \u00e0 un processus fait de confiance, de minutie et de solutions sur mesure.<\/p>\n<p>Gr\u00e2ce \u00e0 une expertise consolid\u00e9e par quarante ans de travail et aux technologies les plus \u00e0 l\u2019avant-garde, Forint a relev\u00e9 et gagn\u00e9 le d\u00e9fit le plus difficile\u00a0: garantir <strong>efficacit\u00e9<\/strong> et <strong>rapidit\u00e9<\/strong> \u00e0 un niveau industriel, tout en conservant la classe et <strong>le soin des d\u00e9tails<\/strong>, typiques du patrimoine de la couture italienne.[\/vc_column_text][\/vc_column][\/vc_row][vc_row row_type=\u00a0\u00bbrow\u00a0\u00bb use_row_as_full_screen_section=\u00a0\u00bbno\u00a0\u00bb type=\u00a0\u00bbgrid\u00a0\u00bb text_align=\u00a0\u00bbleft\u00a0\u00bb background_animation=\u00a0\u00bbnone\u00a0\u00bb padding_bottom=\u00a0\u00bb30&Prime; css_animation=\u00a0\u00bb\u00a0\u00bb][vc_column width=\u00a0\u00bb1\/2&Prime;][vc_empty_space height=\u00a0\u00bb30px\u00a0\u00bb]<div class='image_hover hovered' style='' data-transition-delay=''><div class='images_holder'><a href='http:\/\/www.forint.it\/fr\/la-qualite\/' target='_self'><img class='active_image ' src='https:\/\/forint.it\/wp-content\/uploads\/2017\/06\/new20170601_162451_NEW2.jpg' alt='' style='' \/><img class='hover_image' src='https:\/\/forint.it\/wp-content\/uploads\/2017\/06\/qualite-Forint.jpg' alt='' style='' \/><\/a><\/div><\/div>[\/vc_column][vc_column width=\u00a0\u00bb1\/2&Prime; el_class=\u00a0\u00bbmax625&Prime;][vc_empty_space height=\u00a0\u00bb30px\u00a0\u00bb]<div class='image_hover hovered' style='' data-transition-delay=''><div class='images_holder'><a href='http:\/\/www.forint.it\/fr\/la-methode-forint\/' target='_self'><img class='active_image ' src='https:\/\/forint.it\/wp-content\/uploads\/2017\/06\/new20170601_165301_NEW2.jpg' alt='' style='' \/><img class='hover_image' src='https:\/\/forint.it\/wp-content\/uploads\/2017\/06\/methode-Forint.jpg' alt='' style='' \/><\/a><\/div><\/div>[\/vc_column][\/vc_row][vc_row row_type=\u00a0\u00bbrow\u00a0\u00bb use_row_as_full_screen_section=\u00a0\u00bbno\u00a0\u00bb type=\u00a0\u00bbgrid\u00a0\u00bb text_align=\u00a0\u00bbleft\u00a0\u00bb background_animation=\u00a0\u00bbnone\u00a0\u00bb padding_bottom=\u00a0\u00bb30&Prime; css_animation=\u00a0\u00bb\u00a0\u00bb][vc_column][vc_single_image image=\u00a0\u00bb22297&Prime; img_size=\u00a0\u00bbfull\u00a0\u00bb alignment=\u00a0\u00bbcenter\u00a0\u00bb qode_css_animation=\u00a0\u00bb\u00a0\u00bb][\/vc_column][\/vc_row][vc_row row_type=\u00a0\u00bbrow\u00a0\u00bb use_row_as_full_screen_section=\u00a0\u00bbno\u00a0\u00bb type=\u00a0\u00bbgrid\u00a0\u00bb anchor=\u00a0\u00bbexperience\u00a0\u00bb text_align=\u00a0\u00bbleft\u00a0\u00bb background_animation=\u00a0\u00bbnone\u00a0\u00bb css_animation=\u00a0\u00bb\u00a0\u00bb][vc_column][vc_single_image image=\u00a0\u00bb22492&Prime; img_size=\u00a0\u00bbfull\u00a0\u00bb alignment=\u00a0\u00bbcenter\u00a0\u00bb qode_css_animation=\u00a0\u00bb\u00a0\u00bb][\/vc_column][\/vc_row][vc_row row_type=\u00a0\u00bbrow\u00a0\u00bb use_row_as_full_screen_section=\u00a0\u00bbno\u00a0\u00bb type=\u00a0\u00bbgrid\u00a0\u00bb text_align=\u00a0\u00bbleft\u00a0\u00bb background_animation=\u00a0\u00bbnone\u00a0\u00bb padding_top=\u00a0\u00bb108&Prime; padding_bottom=\u00a0\u00bb78&Prime; css_animation=\u00a0\u00bb\u00a0\u00bb][vc_column width=\u00a0\u00bb1\/3&Prime; offset=\u00a0\u00bbvc_col-md-5&Prime;][vc_column_text]<\/p>\n<h2 style=\"color: #1c438f;\">Pour toutes ces raisons, apr\u00e8s quarante ans, nous sommes fiers de pouvoir dire : <strong>Forint, nous habillons les meilleurs<\/strong>.<\/h2>\n<p>[\/vc_column_text][vc_empty_space height=\u00a0\u00bb30px\u00a0\u00bb][\/vc_column][vc_column width=\u00a0\u00bb2\/3&Prime; offset=\u00a0\u00bbvc_col-md-7&Prime;][vc_column_text]<strong>Forint s\u2019engage \u00e0 s\u00e9lectionner uniquement les meilleurs tissus produits en Italie, pour les mettre dans les mains expertes d\u2019ouvriers form\u00e9s et sp\u00e9cialis\u00e9s sur le territoire, pour confectionner les habits dans des si\u00e8ges op\u00e9rationnels italiens.<\/strong><\/p>\n<p>&nbsp;<\/p>\n<p>Nous voulons que notre design transmette le sens du bon go\u00fbt qui nous caract\u00e9rise et qui a rendu l\u2019Italie un exemple pour le monde entier.<\/p>\n<p>Et cela parce que nous sommes fiers de travailler pour des r\u00e9alit\u00e9s qui ont plant\u00e9 leurs racines dans cette p\u00e9ninsule, pour des entreprises et des organismes qui repr\u00e9sentent en premi\u00e8re personne l\u2019excellence italienne. Et, en partant de l\u00e0, nous sommes pr\u00eats \u00e0 aller beaucoup plus loin.<\/p>\n<p>&nbsp;<\/p>\n<p>Grande Distribution, Compagnies A\u00e9riennes, Compagnies Maritimes Croisi\u00e8res, Entreprises ferroviaires, Soci\u00e9t\u00e9s de transport de marchandise, Entreprises de transport de personnes, A\u00e9roports, Routes et Autoroutes, Voirie, Police Locale, \u00c9tablissements Bancaires, F\u00e9d\u00e9rations Sportives, Corps Militaires, H\u00f4tels sont nos principaux secteurs d&rsquo;exploitation, sans oublier des institutions prestigieuses comme la Ville du Vatican, Pr\u00e9sidence de la R\u00e9publique, Pr\u00e9sidence du Conseil des Ministres, S\u00e9nat.[\/vc_column_text][vc_empty_space height=\u00a0\u00bb30px\u00a0\u00bb][\/vc_column][\/vc_row][vc_row row_type=\u00a0\u00bbrow\u00a0\u00bb use_row_as_full_screen_section=\u00a0\u00bbno\u00a0\u00bb type=\u00a0\u00bbfull_width\u00a0\u00bb anchor=\u00a0\u00bbsecteurs\u00a0\u00bb text_align=\u00a0\u00bbleft\u00a0\u00bb background_animation=\u00a0\u00bbnone\u00a0\u00bb css_animation=\u00a0\u00bb\u00a0\u00bb][vc_column]<div class='projects_holder_outer v4 portfolio_no_space portfolio_with_hover_text  qode-filter-position-top'>\n\t    \t<div class='projects_holder clearfix v4 hover_text no_space portfolio_full_image '>\n\t\t<article class=\"mix \">\n    <div class='image_holder elegant_hover'>\n        \n<span class='image'><img loading=\"lazy\" decoding=\"async\" width=\"800\" height=\"800\" src=\"https:\/\/forint.it\/wp-content\/uploads\/2017\/04\/03_Folder_GDO.jpg\" class=\"attachment-full size-full wp-post-image\" alt=\"\" \/><\/span>\n                    <a class='portfolio_link_class' href='https:\/\/forint.it\/fr\/portfolio_page\/grande-distribution\/' target='_self'><\/a>\n\t\t\n        <div class=\"portfolio_shader\"><\/div>\n<div class=\"text_holder\">\n\t<div class=\"text_holder_inner\">\n\t\t<div class=\"text_holder_inner2\">\n\t\t\t<h4 class=\"portfolio_title\" > Grande Distribution<\/h4><h6 class=\"portfolio_subtitle\"> <\/h6>\t\t<\/div>\n\t<\/div>\n<\/div>\n\n\n\n    <\/div>\n<\/article><article class=\"mix \">\n    <div class='image_holder elegant_hover'>\n        \n<span class='image'><img loading=\"lazy\" decoding=\"async\" width=\"800\" height=\"800\" src=\"https:\/\/forint.it\/wp-content\/uploads\/2017\/04\/02_Folder_Servizi.jpg\" class=\"attachment-full size-full wp-post-image\" alt=\"\" \/><\/span>\n                    <a class='portfolio_link_class' href='https:\/\/forint.it\/fr\/portfolio_page\/services\/' target='_self'><\/a>\n\t\t\n        <div class=\"portfolio_shader\"><\/div>\n<div class=\"text_holder\">\n\t<div class=\"text_holder_inner\">\n\t\t<div class=\"text_holder_inner2\">\n\t\t\t<h4 class=\"portfolio_title\" > Services<\/h4><h6 class=\"portfolio_subtitle\"> <\/h6>\t\t<\/div>\n\t<\/div>\n<\/div>\n\n\n\n    <\/div>\n<\/article><article class=\"mix \">\n    <div class='image_holder elegant_hover'>\n        \n<span class='image'><img loading=\"lazy\" decoding=\"async\" width=\"800\" height=\"800\" src=\"https:\/\/forint.it\/wp-content\/uploads\/2017\/04\/01_Folder_Trasporti.jpg\" class=\"attachment-full size-full wp-post-image\" alt=\"\" \/><\/span>\n                    <a class='portfolio_link_class' href='https:\/\/forint.it\/fr\/portfolio_page\/transports\/' target='_self'><\/a>\n\t\t\n        <div class=\"portfolio_shader\"><\/div>\n<div class=\"text_holder\">\n\t<div class=\"text_holder_inner\">\n\t\t<div class=\"text_holder_inner2\">\n\t\t\t<h4 class=\"portfolio_title\" > Transports<\/h4><h6 class=\"portfolio_subtitle\"> <\/h6>\t\t<\/div>\n\t<\/div>\n<\/div>\n\n\n\n    <\/div>\n<\/article><article class=\"mix \">\n    <div class='image_holder elegant_hover'>\n        \n<span class='image'><img loading=\"lazy\" decoding=\"async\" width=\"800\" height=\"800\" src=\"https:\/\/forint.it\/wp-content\/uploads\/2017\/04\/04_Folder_Polizia.jpg\" class=\"attachment-full size-full wp-post-image\" alt=\"\" \/><\/span>\n                    <a class='portfolio_link_class' href='https:\/\/forint.it\/fr\/portfolio_page\/police\/' target='_self'><\/a>\n\t\t\n        <div class=\"portfolio_shader\"><\/div>\n<div class=\"text_holder\">\n\t<div class=\"text_holder_inner\">\n\t\t<div class=\"text_holder_inner2\">\n\t\t\t<h4 class=\"portfolio_title\" > Police<\/h4><h6 class=\"portfolio_subtitle\"> <\/h6>\t\t<\/div>\n\t<\/div>\n<\/div>\n\n\n\n    <\/div>\n<\/article>\t\t\t\t\t<div class='filler'><\/div>\n\t\t\t\t\t\t\t\t\t<div class='filler'><\/div>\n\t\t\t\t\t\t\t\t\t<div class='filler'><\/div>\n\t\t\t\t\t\t\t\t\t<div class='filler'><\/div>\n\t\t\t\t\t<\/div>\n\n    \n\t<\/div>\n[\/vc_column][\/vc_row][vc_row row_type=\u00a0\u00bbrow\u00a0\u00bb use_row_as_full_screen_section=\u00a0\u00bbno\u00a0\u00bb type=\u00a0\u00bbgrid\u00a0\u00bb anchor=\u00a0\u00bbequipe\u00a0\u00bb text_align=\u00a0\u00bbleft\u00a0\u00bb background_animation=\u00a0\u00bbnone\u00a0\u00bb padding_top=\u00a0\u00bb126&Prime; padding_bottom=\u00a0\u00bb0&Prime; css_animation=\u00a0\u00bb\u00a0\u00bb][vc_column offset=\u00a0\u00bbvc_col-md-5&Prime;][vc_column_text]<\/p>\n<h2 style=\"color: #1c438f;\">Une \u00e9quipe<br \/>\nhors du commun.<\/h2>\n<p>[\/vc_column_text][vc_empty_space height=\u00a0\u00bb30px\u00a0\u00bb][\/vc_column][vc_column offset=\u00a0\u00bbvc_col-md-7&Prime;][vc_column_text]Pour r\u00e9aliser <strong>des exploits hors du commun<\/strong> il faut un grand groupe. Pour obtenir les meilleurs r\u00e9sultats, il faut tirer le meilleur de chaque ressource. Conscients de l\u2019importance d\u2019une \u00e9quipe <strong>h\u00e9t\u00e9rog\u00e8ne et unie<\/strong>, Forint a s\u00e9lectionn\u00e9 une force de travail compos\u00e9e de jeunes professionnels pleins de <strong>passion<\/strong> et d\u2019<strong>enthousiasme<\/strong>, auxquels on a adjoint des personnes plus expertes et poss\u00e9dant un <strong>savoir faire<\/strong> consolid\u00e9.<\/p>\n<p>Une \u00e9quipe qui s\u2019implique sur tout le territoire italien et qui a \u00e0 son actif des comp\u00e9tences sp\u00e9cialis\u00e9es et des profils diff\u00e9rents. Des experts motiv\u00e9s et unis par des objectifs communs : offrir des solutions efficaces et innovantes pour faire face \u00e0 toutes les exigences du client ; interpr\u00e9ter au mieux ses objectifs en le suivant dans chaque phase ; l\u2019accompagner dans la d\u00e9finition d\u2019une identit\u00e9 visuelle \u00e0 travers un habillement professionnel sp\u00e9cifique.<\/p>\n<p>C\u2019est de cette fa\u00e7on qu\u2019on atteint l\u2019excellence. En la d\u00e9passant.[\/vc_column_text][vc_empty_space height=\u00a0\u00bb30px\u00a0\u00bb][\/vc_column][\/vc_row][vc_row row_type=\u00a0\u00bbrow\u00a0\u00bb use_row_as_full_screen_section=\u00a0\u00bbno\u00a0\u00bb type=\u00a0\u00bbgrid\u00a0\u00bb text_align=\u00a0\u00bbleft\u00a0\u00bb background_animation=\u00a0\u00bbnone\u00a0\u00bb padding_bottom=\u00a0\u00bb9&Prime; css_animation=\u00a0\u00bb\u00a0\u00bb][vc_column width=\u00a0\u00bb1\/3&Prime; offset=\u00a0\u00bbvc_col-md-4&Prime;]<div class='q_team with_padding info_hover'><div class='q_team_inner'><div class='q_team_image'><img decoding=\"async\" src=\"https:\/\/forint.it\/wp-content\/uploads\/2016\/03\/MG_3721.jpg\" alt=\"team_image\"  \/><div class='q_team_social_holder'  style='background-color:#e1261c;'><div class='q_team_social'><div class='q_team_social_inner'><div class='q_team_title_holder'><h3 class='q_team_name' style =\"color: #ffffff;font-size: 20px;font-weight: 400;text-transform: capitalize\">M. Paolo Tansini<\/h3><h6 class='q_team_position' style =\"color: #ffffff;font-size: 16px;font-weight: 400;text-transform: capitalize\">Directeur des ventesSi\u00e8ge Commercial de Milan<\/h6><\/div><div class='q_team_social_on_hover'><\/div><\/div><\/div><\/div><\/div><\/div><\/div>[vc_column_text]M +39 338 8569792<br \/>\n<span style=\"color: #333333;\"><a style=\"color: #333333;\" href=\"mailto:ptansini@forint.it\">ptansini@forint.it<\/a><\/span>[\/vc_column_text][vc_empty_space height=\u00a0\u00bb30px\u00a0\u00bb][\/vc_column][vc_column width=\u00a0\u00bb1\/3&Prime; offset=\u00a0\u00bbvc_col-md-4&Prime;]<div class='q_team with_padding info_hover'><div class='q_team_inner'><div class='q_team_image'><img decoding=\"async\" src=\"https:\/\/forint.it\/wp-content\/uploads\/2016\/03\/MG_3754.jpg\" alt=\"team_image\"  \/><div class='q_team_social_holder'  style='background-color:#1c438f;'><div class='q_team_social'><div class='q_team_social_inner'><div class='q_team_title_holder'><h3 class='q_team_name' style =\"color: #ffffff;font-size: 20px;font-weight: 400;text-transform: capitalize\">Dr. Giacomo Munaretto<\/h3><h6 class='q_team_position' style =\"color: #ffffff;font-size: 16px;font-weight: 400;text-transform: capitalize\">Responsable des ventes<br \/>\nSi\u00e8ge Commercial de Vicenza<\/h6><\/div><div class='q_team_social_on_hover'><\/div><\/div><\/div><\/div><\/div><\/div><\/div>[vc_column_text]M +39 340 1551079<br \/>\n<span style=\"color: #333333;\"><a style=\"color: #333333;\" href=\"mailto:gmunaretto@forint.it\">gmunaretto@forint.it<\/a><\/span>[\/vc_column_text][vc_empty_space height=\u00a0\u00bb30px\u00a0\u00bb][\/vc_column][vc_column width=\u00a0\u00bb1\/3&Prime;]<div class='q_team with_padding info_hover'><div class='q_team_inner'><div class='q_team_image'><img decoding=\"async\" src=\"https:\/\/forint.it\/wp-content\/uploads\/2022\/01\/User-anonimo.png\" alt=\"team_image\"  \/><div class='q_team_social_holder'  style='background-color:#da8a19;'><div class='q_team_social'><div class='q_team_social_inner'><div class='q_team_title_holder'><h3 class='q_team_name' style =\"color: #ffffff;font-size: 20px;font-weight: 400;text-transform: capitalize\">Dr. Claudio Priore<\/h3><h6 class='q_team_position' style =\"color: #ffffff;font-size: 16px;font-weight: 400;text-transform: capitalize\">Si\u00e8ge Commercial de Roma<\/h6><\/div><div class='q_team_social_on_hover'><\/div><\/div><\/div><\/div><\/div><\/div><\/div>[vc_column_text]M +39 337 1480455<br \/>\n<span style=\"color: #333333;\"><a style=\"color: #333333;\" href=\"mailto:cpriore@forint.it\">cpriore@forint.it<\/a><\/span>[\/vc_column_text][vc_empty_space height=\u00a0\u00bb30px\u00a0\u00bb][\/vc_column][\/vc_row][vc_row row_type=\u00a0\u00bbrow\u00a0\u00bb use_row_as_full_screen_section=\u00a0\u00bbno\u00a0\u00bb type=\u00a0\u00bbgrid\u00a0\u00bb anchor=\u00a0\u00bbsiege\u00a0\u00bb text_align=\u00a0\u00bbleft\u00a0\u00bb background_animation=\u00a0\u00bbnone\u00a0\u00bb padding_top=\u00a0\u00bb149&Prime; padding_bottom=\u00a0\u00bb96&Prime; css_animation=\u00a0\u00bb\u00a0\u00bb][vc_column offset=\u00a0\u00bbvc_col-md-6&Prime;][vc_column_text]<\/p>\n<h2 style=\"color: #1c438f;\">Un service flexible et sur mesure.<\/h2>\n<p>[\/vc_column_text][vc_empty_space height=\u00a0\u00bb31px\u00a0\u00bb][\/vc_column][vc_column offset=\u00a0\u00bbvc_col-md-6&Prime;][vc_column_text]La fa\u00e7on la plus efficace pour garantir \u00e0 ses propres clients une pr\u00e9sence fiable et constante ? Faire partie int\u00e9grante de leur r\u00e9alit\u00e9 quotidienne.<\/p>\n<p>C\u2019est pour cela que nous offrons un <strong>service flexible et sur mesure<\/strong>. Un syst\u00e8me qui permet \u00e0 Forint de s\u2019adapter \u00e0 la structure et aux exigences de toute entreprise, quelle que soit son organisation.<\/p>\n<p>Des entrep\u00f4ts sp\u00e9cialement cr\u00e9\u00e9s, des livraisons \u00e0 domicile de kits personnalis\u00e9s avec habillement complet pour les employ\u00e9s et m\u00eame, des filiales ad hoc pour les clients qui ont besoin de grands volumes : voil\u00e0 quelques-unes des strat\u00e9gies mises au point pour r\u00e9compenser la confiance de ceux qui ont choisi Forint.<\/p>\n<p>Pourquoi se contenter d\u2019une r\u00e9f\u00e9rence quand on peut avoir beaucoup plus?[\/vc_column_text][vc_empty_space height=\u00a0\u00bb30px\u00a0\u00bb][\/vc_column][\/vc_row][vc_row row_type=\u00a0\u00bbrow\u00a0\u00bb use_row_as_full_screen_section=\u00a0\u00bbno\u00a0\u00bb type=\u00a0\u00bbfull_width\u00a0\u00bb text_align=\u00a0\u00bbleft\u00a0\u00bb background_animation=\u00a0\u00bbnone\u00a0\u00bb padding_bottom=\u00a0\u00bb30&Prime; css_animation=\u00a0\u00bb\u00a0\u00bb][vc_column][vc_single_image image=\u00a0\u00bb22495&Prime; img_size=\u00a0\u00bbfull\u00a0\u00bb alignment=\u00a0\u00bbcenter\u00a0\u00bb qode_css_animation=\u00a0\u00bb\u00a0\u00bb][\/vc_column][\/vc_row][vc_row row_type=\u00a0\u00bbrow\u00a0\u00bb use_row_as_full_screen_section=\u00a0\u00bbno\u00a0\u00bb type=\u00a0\u00bbfull_width\u00a0\u00bb anchor=\u00a0\u00bbcontacts\u00a0\u00bb text_align=\u00a0\u00bbleft\u00a0\u00bb background_animation=\u00a0\u00bbnone\u00a0\u00bb css_animation=\u00a0\u00bb\u00a0\u00bb][vc_column][vc_gmaps link=\u00a0\u00bb#E-8_JTNDaWZyYW1lJTIwc3JjJTNEJTIyaHR0cHMlM0ElMkYlMkZ3d3cuZ29vZ2xlLmNvbSUyRm1hcHMlMkZkJTJGdSUyRjAlMkZlbWJlZCUzRm1pZCUzRDFQZE1OT2xtd0ZWMDd5b1hjbVJIeHVLcUFUR3dfOFhFNCUyMiUyMHdpZHRoJTNEJTIyNjQwJTIyJTIwaGVpZ2h0JTNEJTIyNDgwJTIyJTNFJTNDJTJGaWZyYW1lJTNF\u00a0\u00bb size=\u00a0\u00bb450&Prime;][\/vc_column][\/vc_row]<\/p>\n<\/div>","protected":false},"excerpt":{"rendered":"<p>[vc_row row_type=\u00a0\u00bbrow\u00a0\u00bb use_row_as_full_screen_section=\u00a0\u00bbno\u00a0\u00bb type=\u00a0\u00bbgrid\u00a0\u00bb anchor=\u00a0\u00bbentreprise\u00a0\u00bb text_align=\u00a0\u00bbleft\u00a0\u00bb background_animation=\u00a0\u00bbnone\u00a0\u00bb padding_top=\u00a0\u00bb108&Prime; padding_bottom=\u00a0\u00bb78&Prime; css_animation=\u00a0\u00bb\u00a0\u00bb][vc_column offset=\u00a0\u00bbvc_col-md-5&Prime;][vc_column_text] Nous habillons les meilleurs. [\/vc_column_text][vc_empty_space height=\u00a0\u00bb30px\u00a0\u00bb][\/vc_column][vc_column offset=\u00a0\u00bbvc_col-md-7&Prime;][vc_column_text]Bienvenus dans le monde Forint. Un monde compos\u00e9 d\u2019identit\u00e9s fortes qui sont repr\u00e9sent\u00e9es sous leur meilleur jour par des v\u00eatements et des uniformes de travail de qualit\u00e9 sup\u00e9rieure&#8230;.<\/p>\n","protected":false},"author":1,"featured_media":0,"parent":0,"menu_order":0,"comment_status":"closed","ping_status":"closed","template":"full_width.php","meta":{"inline_featured_image":false,"_exactmetrics_skip_tracking":false,"_exactmetrics_sitenote_active":false,"_exactmetrics_sitenote_note":"","_exactmetrics_sitenote_category":0,"footnotes":""},"class_list":["post-22480","page","type-page","status-publish","hentry"],"aioseo_notices":[],"_links":{"self":[{"href":"https:\/\/forint.it\/fr\/wp-json\/wp\/v2\/pages\/22480","targetHints":{"allow":["GET"]}}],"collection":[{"href":"https:\/\/forint.it\/fr\/wp-json\/wp\/v2\/pages"}],"about":[{"href":"https:\/\/forint.it\/fr\/wp-json\/wp\/v2\/types\/page"}],"author":[{"embeddable":true,"href":"https:\/\/forint.it\/fr\/wp-json\/wp\/v2\/users\/1"}],"replies":[{"embeddable":true,"href":"https:\/\/forint.it\/fr\/wp-json\/wp\/v2\/comments?post=22480"}],"version-history":[{"count":28,"href":"https:\/\/forint.it\/fr\/wp-json\/wp\/v2\/pages\/22480\/revisions"}],"predecessor-version":[{"id":23464,"href":"https:\/\/forint.it\/fr\/wp-json\/wp\/v2\/pages\/22480\/revisions\/23464"}],"wp:attachment":[{"href":"https:\/\/forint.it\/fr\/wp-json\/wp\/v2\/media?parent=22480"}],"curies":[{"name":"wp","href":"https:\/\/api.w.org\/{rel}","templated":true}]}}