{"id":23108,"date":"2024-11-04T15:23:37","date_gmt":"2024-11-04T14:23:37","guid":{"rendered":"https:\/\/forint.it\/?page_id=23108"},"modified":"2025-06-04T12:59:44","modified_gmt":"2025-06-04T10:59:44","slug":"nos_certifications","status":"publish","type":"page","link":"https:\/\/forint.it\/fr\/nos_certifications\/","title":{"rendered":"Nos certifications"},"content":{"rendered":"<div class=\"wpb-content-wrapper\"><p>[vc_row row_type=\u00a0\u00bbrow\u00a0\u00bb use_row_as_full_screen_section=\u00a0\u00bbno\u00a0\u00bb type=\u00a0\u00bbfull_width\u00a0\u00bb text_align=\u00a0\u00bbleft\u00a0\u00bb background_animation=\u00a0\u00bbnone\u00a0\u00bb css_animation=\u00a0\u00bb\u00a0\u00bb][vc_column][vc_empty_space height=\u00a0\u00bb40px\u00a0\u00bb][vc_column_text]<\/p>\n<h2><span style=\"color: #1c438f;\">Nous recherchons l&rsquo;excellence,<\/span><br \/>\n<span style=\"color: #1c438f;\">mais notre objectif principal est la s\u00e9curit\u00e9 des processus \u00e0 chaque \u00e9tape de la cha\u00eene d&rsquo;approvisionnement.<\/span><\/h2>\n<p>[\/vc_column_text][vc_empty_space height=\u00a0\u00bb40px\u00a0\u00bb][\/vc_column][\/vc_row][vc_row row_type=\u00a0\u00bbrow\u00a0\u00bb use_row_as_full_screen_section=\u00a0\u00bbno\u00a0\u00bb type=\u00a0\u00bbfull_width\u00a0\u00bb text_align=\u00a0\u00bbcenter\u00a0\u00bb background_animation=\u00a0\u00bbnone\u00a0\u00bb css_animation=\u00a0\u00bb\u00a0\u00bb][vc_column width=\u00a0\u00bb1\/2&Prime;][vc_empty_space height=\u00a0\u00bb40px\u00a0\u00bb][vc_single_image image=\u00a0\u00bb23142&Prime; img_size=\u00a0\u00bb\u00a0\u00bb alignment=\u00a0\u00bbcenter\u00a0\u00bb qode_css_animation=\u00a0\u00bb\u00a0\u00bb transition_delay=\u00a0\u00bb1&Prime;][vc_empty_space height=\u00a0\u00bb40px\u00a0\u00bb][vc_column_text]<\/p>\n<h3 style=\"text-align: center;\"><span style=\"color: #1c438f; font-weight: 900; text-transform: uppercase;\">Certification du syst\u00e8me de gestion de la qualit\u00e9<\/span><\/h3>\n<p>[\/vc_column_text][vc_empty_space height=\u00a0\u00bb25px\u00a0\u00bb]<a href=\"\/wp-content\/uploads\/2024\/11\/Certificate_IT326476_FORINT_SPA_ISO_9001_REV1.pdf\" target=\"_blank\" data-hover-color='#ffffff' class=\"qbutton  small\" style=\"color: #1c438f; \">Voir la certification<\/a>[vc_empty_space height=\u00a0\u00bb80px\u00a0\u00bb][\/vc_column][vc_column width=\u00a0\u00bb1\/2&Prime;][vc_empty_space height=\u00a0\u00bb40px\u00a0\u00bb][vc_single_image image=\u00a0\u00bb23139&Prime; img_size=\u00a0\u00bb\u00a0\u00bb alignment=\u00a0\u00bbcenter\u00a0\u00bb qode_css_animation=\u00a0\u00bb\u00a0\u00bb transition_delay=\u00a0\u00bb1&Prime;][vc_empty_space height=\u00a0\u00bb40px\u00a0\u00bb][vc_column_text]<\/p>\n<h3 style=\"text-align: center;\"><span style=\"color: #1c438f; font-weight: 900; text-transform: uppercase;\">Certification du syst\u00e8me de gestion des donn\u00e9es et de l&rsquo;information<\/span><\/h3>\n<p>[\/vc_column_text][vc_empty_space height=\u00a0\u00bb25px\u00a0\u00bb]<a href=\"\/wp-content\/uploads\/2024\/11\/FORINT_SPA_27001.pdf\" target=\"_blank\" data-hover-color='#ffffff' class=\"qbutton  small\" style=\"color: #1c438f; \">Voir la certification<\/a>[vc_empty_space height=\u00a0\u00bb80px\u00a0\u00bb][\/vc_column][\/vc_row][vc_row row_type=\u00a0\u00bbrow\u00a0\u00bb use_row_as_full_screen_section=\u00a0\u00bbno\u00a0\u00bb type=\u00a0\u00bbfull_width\u00a0\u00bb text_align=\u00a0\u00bbleft\u00a0\u00bb background_animation=\u00a0\u00bbnone\u00a0\u00bb css_animation=\u00a0\u00bb\u00a0\u00bb][vc_column width=\u00a0\u00bb1\/2&Prime; offset=\u00a0\u00bbvc_hidden-xs\u00a0\u00bb][vc_separator type=\u00a0\u00bbnormal\u00a0\u00bb border_style=\u00a0\u00bbdashed\u00a0\u00bb color=\u00a0\u00bb#1c438f\u00a0\u00bb][\/vc_column][vc_column width=\u00a0\u00bb1\/2&Prime; offset=\u00a0\u00bbvc_hidden-xs\u00a0\u00bb][vc_separator type=\u00a0\u00bbnormal\u00a0\u00bb border_style=\u00a0\u00bbdashed\u00a0\u00bb color=\u00a0\u00bb#1c438f\u00a0\u00bb][\/vc_column][\/vc_row][vc_row row_type=\u00a0\u00bbrow\u00a0\u00bb use_row_as_full_screen_section=\u00a0\u00bbno\u00a0\u00bb type=\u00a0\u00bbfull_width\u00a0\u00bb text_align=\u00a0\u00bbcenter\u00a0\u00bb background_animation=\u00a0\u00bbnone\u00a0\u00bb css_animation=\u00a0\u00bb\u00a0\u00bb][vc_column width=\u00a0\u00bb1\/2&Prime;][vc_empty_space height=\u00a0\u00bb40px\u00a0\u00bb][vc_single_image image=\u00a0\u00bb23136&Prime; img_size=\u00a0\u00bb\u00a0\u00bb alignment=\u00a0\u00bbcenter\u00a0\u00bb qode_css_animation=\u00a0\u00bb\u00a0\u00bb transition_delay=\u00a0\u00bb1&Prime;][vc_empty_space height=\u00a0\u00bb40px\u00a0\u00bb][vc_column_text]<\/p>\n<h3 style=\"text-align: center;\"><span style=\"color: #1c438f; font-weight: 900; text-transform: uppercase;\">Certification du syst\u00e8me de gestion environnementale<\/span><\/h3>\n<p>[\/vc_column_text][vc_empty_space height=\u00a0\u00bb25px\u00a0\u00bb]<a href=\"\/wp-content\/uploads\/2022\/08\/Certificate-IT317127_FORINT-SPA.pdf\" target=\"_blank\" data-hover-color='#ffffff' class=\"qbutton  small\" style=\"color: #1c438f; \">Voir la certification<\/a>[vc_empty_space height=\u00a0\u00bb80px\u00a0\u00bb][\/vc_column][vc_column width=\u00a0\u00bb1\/2&Prime;][vc_empty_space height=\u00a0\u00bb40px\u00a0\u00bb][vc_single_image image=\u00a0\u00bb23130&Prime; img_size=\u00a0\u00bb\u00a0\u00bb alignment=\u00a0\u00bbcenter\u00a0\u00bb qode_css_animation=\u00a0\u00bb\u00a0\u00bb transition_delay=\u00a0\u00bb1&Prime;][vc_empty_space height=\u00a0\u00bb40px\u00a0\u00bb][vc_column_text]<\/p>\n<h3 style=\"text-align: center;\"><span style=\"color: #1c438f; font-weight: 900; text-transform: uppercase;\">Certification du syst\u00e8me de gestion de la sant\u00e9 et de la s\u00e9curit\u00e9 au travail<\/span><\/h3>\n<p>[\/vc_column_text][vc_empty_space height=\u00a0\u00bb25px\u00a0\u00bb]<a href=\"\/wp-content\/uploads\/2024\/11\/Certificate_IT323115_FORINT_SPA_ISO_45001_REV2.pdf\" target=\"_blank\" data-hover-color='#ffffff' class=\"qbutton  small\" style=\"color: #1c438f; \">Voir la certification<\/a>[vc_empty_space height=\u00a0\u00bb80px\u00a0\u00bb][\/vc_column][\/vc_row][vc_row row_type=\u00a0\u00bbrow\u00a0\u00bb use_row_as_full_screen_section=\u00a0\u00bbno\u00a0\u00bb type=\u00a0\u00bbfull_width\u00a0\u00bb text_align=\u00a0\u00bbleft\u00a0\u00bb background_animation=\u00a0\u00bbnone\u00a0\u00bb css_animation=\u00a0\u00bb\u00a0\u00bb][vc_column width=\u00a0\u00bb1\/2&Prime; offset=\u00a0\u00bbvc_hidden-xs\u00a0\u00bb][vc_separator type=\u00a0\u00bbnormal\u00a0\u00bb border_style=\u00a0\u00bbdashed\u00a0\u00bb color=\u00a0\u00bb#1c438f\u00a0\u00bb][\/vc_column][vc_column width=\u00a0\u00bb1\/2&Prime; offset=\u00a0\u00bbvc_hidden-xs\u00a0\u00bb][vc_separator type=\u00a0\u00bbnormal\u00a0\u00bb border_style=\u00a0\u00bbdashed\u00a0\u00bb color=\u00a0\u00bb#1c438f\u00a0\u00bb][\/vc_column][\/vc_row][vc_row row_type=\u00a0\u00bbrow\u00a0\u00bb use_row_as_full_screen_section=\u00a0\u00bbno\u00a0\u00bb type=\u00a0\u00bbfull_width\u00a0\u00bb text_align=\u00a0\u00bbcenter\u00a0\u00bb background_animation=\u00a0\u00bbnone\u00a0\u00bb css_animation=\u00a0\u00bb\u00a0\u00bb][vc_column width=\u00a0\u00bb1\/2&Prime;][vc_empty_space height=\u00a0\u00bb40px\u00a0\u00bb][vc_single_image image=\u00a0\u00bb23133&Prime; img_size=\u00a0\u00bb\u00a0\u00bb alignment=\u00a0\u00bbcenter\u00a0\u00bb qode_css_animation=\u00a0\u00bb\u00a0\u00bb transition_delay=\u00a0\u00bb1&Prime;][vc_empty_space height=\u00a0\u00bb40px\u00a0\u00bb][vc_column_text]<\/p>\n<h3 style=\"text-align: center;\"><span style=\"color: #1c438f; font-weight: 900; text-transform: uppercase;\">Certification du syst\u00e8me de gestion pour la pr\u00e9vention de la corruption<\/span><\/h3>\n<p>[\/vc_column_text][vc_empty_space height=\u00a0\u00bb25px\u00a0\u00bb]<a href=\"\/wp-content\/uploads\/2024\/11\/Certificate_IT320216_FORINT_SPA_ISO_37001_REV1.pdf\" target=\"_blank\" data-hover-color='#ffffff' class=\"qbutton  small\" style=\"color: #1c438f; \">Voir la certification<\/a>[vc_empty_space height=\u00a0\u00bb80px\u00a0\u00bb][\/vc_column][vc_column width=\u00a0\u00bb1\/2&Prime;][vc_empty_space height=\u00a0\u00bb40px\u00a0\u00bb][vc_single_image image=\u00a0\u00bb23127&Prime; img_size=\u00a0\u00bb\u00a0\u00bb alignment=\u00a0\u00bbcenter\u00a0\u00bb qode_css_animation=\u00a0\u00bb\u00a0\u00bb transition_delay=\u00a0\u00bb1&Prime;][vc_empty_space height=\u00a0\u00bb40px\u00a0\u00bb][vc_column_text]<\/p>\n<h3 style=\"text-align: center;\"><span style=\"color: #1c438f; font-weight: 900; text-transform: uppercase;\"><br \/>\nCertification du syst\u00e8me de responsabilit\u00e9 sociale<\/span><\/h3>\n<p>[\/vc_column_text][vc_empty_space height=\u00a0\u00bb25px\u00a0\u00bb]<a href=\"\/wp-content\/uploads\/2025\/06\/Certificate-IT340545-FORINT-SPA-SA8000.pdf\" target=\"_blank\" data-hover-color='#ffffff' class=\"qbutton  small\" style=\"color: #1c438f; \">Voir la certification<\/a>[vc_empty_space height=\u00a0\u00bb80px\u00a0\u00bb][\/vc_column][\/vc_row][vc_row row_type=\u00a0\u00bbrow\u00a0\u00bb use_row_as_full_screen_section=\u00a0\u00bbno\u00a0\u00bb type=\u00a0\u00bbfull_width\u00a0\u00bb text_align=\u00a0\u00bbleft\u00a0\u00bb background_animation=\u00a0\u00bbnone\u00a0\u00bb css_animation=\u00a0\u00bb\u00a0\u00bb][vc_column width=\u00a0\u00bb1\/2&Prime; offset=\u00a0\u00bbvc_hidden-xs\u00a0\u00bb][vc_separator type=\u00a0\u00bbnormal\u00a0\u00bb border_style=\u00a0\u00bbdashed\u00a0\u00bb color=\u00a0\u00bb#1c438f\u00a0\u00bb][\/vc_column][vc_column width=\u00a0\u00bb1\/2&Prime; offset=\u00a0\u00bbvc_hidden-xs\u00a0\u00bb][vc_separator type=\u00a0\u00bbnormal\u00a0\u00bb border_style=\u00a0\u00bbdashed\u00a0\u00bb color=\u00a0\u00bb#1c438f\u00a0\u00bb][\/vc_column][\/vc_row][vc_row row_type=\u00a0\u00bbrow\u00a0\u00bb use_row_as_full_screen_section=\u00a0\u00bbno\u00a0\u00bb type=\u00a0\u00bbfull_width\u00a0\u00bb text_align=\u00a0\u00bbcenter\u00a0\u00bb background_animation=\u00a0\u00bbnone\u00a0\u00bb css_animation=\u00a0\u00bb\u00a0\u00bb][vc_column width=\u00a0\u00bb1\/2&Prime;][vc_empty_space height=\u00a0\u00bb40px\u00a0\u00bb][vc_single_image image=\u00a0\u00bb23177&Prime; img_size=\u00a0\u00bb\u00a0\u00bb alignment=\u00a0\u00bbcenter\u00a0\u00bb qode_css_animation=\u00a0\u00bb\u00a0\u00bb transition_delay=\u00a0\u00bb1&Prime;][vc_empty_space height=\u00a0\u00bb40px\u00a0\u00bb][vc_column_text]<\/p>\n<h3 style=\"text-align: center;\"><span style=\"color: #1c438f; font-weight: 900; text-transform: uppercase;\">Certification du syst\u00e8me de gestion de la sant\u00e9 et de la s\u00e9curit\u00e9 au travail<\/span><\/h3>\n<p>[\/vc_column_text][vc_empty_space height=\u00a0\u00bb25px\u00a0\u00bb]<a href=\"\/wp-content\/uploads\/2019\/12\/FORINT-certificato-iso-18001-27112019.pdf\" target=\"_blank\" data-hover-color='#ffffff' class=\"qbutton  small\" style=\"color: #1c438f; \">Voir la certification<\/a>[vc_empty_space height=\u00a0\u00bb80px\u00a0\u00bb][\/vc_column][vc_column width=\u00a0\u00bb1\/2&Prime;][vc_empty_space height=\u00a0\u00bb40px\u00a0\u00bb][vc_single_image image=\u00a0\u00bb23187&Prime; img_size=\u00a0\u00bb\u00a0\u00bb alignment=\u00a0\u00bbcenter\u00a0\u00bb qode_css_animation=\u00a0\u00bb\u00a0\u00bb transition_delay=\u00a0\u00bb1&Prime;][vc_empty_space height=\u00a0\u00bb40px\u00a0\u00bb][vc_column_text]<\/p>\n<h3 style=\"text-align: center;\"><span style=\"color: #1c438f; font-weight: 900; text-transform: uppercase;\">Certification de qualit\u00e9 des mati\u00e8res premi\u00e8res, des produits semi-finis et des produits finis, afin d&rsquo;obtenir des produits exempts de substances partiellement nocives<\/span><\/h3>\n<p>[\/vc_column_text][vc_empty_space height=\u00a0\u00bb25px\u00a0\u00bb]<a href=\"\/wp-content\/uploads\/2024\/11\/step-certificate-19002080-en-2023.pdf\" target=\"_blank\" data-hover-color='#ffffff' class=\"qbutton  small\" style=\"color: #1c438f; \">Voir la certification<\/a>[vc_empty_space height=\u00a0\u00bb80px\u00a0\u00bb][\/vc_column][\/vc_row][vc_row row_type=\u00a0\u00bbrow\u00a0\u00bb use_row_as_full_screen_section=\u00a0\u00bbno\u00a0\u00bb type=\u00a0\u00bbfull_width\u00a0\u00bb text_align=\u00a0\u00bbleft\u00a0\u00bb background_animation=\u00a0\u00bbnone\u00a0\u00bb css_animation=\u00a0\u00bb\u00a0\u00bb][vc_column width=\u00a0\u00bb1\/2&Prime; offset=\u00a0\u00bbvc_hidden-xs\u00a0\u00bb][vc_separator type=\u00a0\u00bbnormal\u00a0\u00bb border_style=\u00a0\u00bbdashed\u00a0\u00bb color=\u00a0\u00bb#1c438f\u00a0\u00bb][\/vc_column][vc_column width=\u00a0\u00bb1\/2&Prime; offset=\u00a0\u00bbvc_hidden-xs\u00a0\u00bb][vc_separator type=\u00a0\u00bbnormal\u00a0\u00bb border_style=\u00a0\u00bbdashed\u00a0\u00bb color=\u00a0\u00bb#1c438f\u00a0\u00bb][\/vc_column][\/vc_row][vc_row row_type=\u00a0\u00bbrow\u00a0\u00bb use_row_as_full_screen_section=\u00a0\u00bbno\u00a0\u00bb type=\u00a0\u00bbfull_width\u00a0\u00bb text_align=\u00a0\u00bbcenter\u00a0\u00bb background_animation=\u00a0\u00bbnone\u00a0\u00bb css_animation=\u00a0\u00bb\u00a0\u00bb][vc_column width=\u00a0\u00bb1\/2&Prime;][vc_empty_space height=\u00a0\u00bb40px\u00a0\u00bb][vc_single_image image=\u00a0\u00bb23552&Prime; img_size=\u00a0\u00bb\u00a0\u00bb alignment=\u00a0\u00bbcenter\u00a0\u00bb qode_css_animation=\u00a0\u00bb\u00a0\u00bb transition_delay=\u00a0\u00bb1&Prime;][vc_empty_space height=\u00a0\u00bb40px\u00a0\u00bb][vc_column_text]<\/p>\n<h3 style=\"text-align: center;\"><span style=\"color: #1c438f; font-weight: 900; text-transform: uppercase;\">Certification de l\u2019\u00e9galit\u00e9 femmes-hommes au sein du milieu de travail<\/span><\/h3>\n<p>[\/vc_column_text][vc_empty_space height=\u00a0\u00bb25px\u00a0\u00bb]<a href=\"\/wp-content\/uploads\/2024\/07\/20231013-Certif-PC023L-FRNT-125-Rev.-0-del-10.05.2022-Italy.pdf\" target=\"_blank\" data-hover-color='#ffffff' class=\"qbutton  small\" style=\"color: #1c438f; \">Voir la certification<\/a>[vc_empty_space height=\u00a0\u00bb80px\u00a0\u00bb][\/vc_column][vc_column width=\u00a0\u00bb1\/2&Prime;][vc_empty_space height=\u00a0\u00bb40px\u00a0\u00bb][vc_single_image image=\u00a0\u00bb23560&Prime; img_size=\u00a0\u00bb\u00a0\u00bb alignment=\u00a0\u00bbcenter\u00a0\u00bb qode_css_animation=\u00a0\u00bb\u00a0\u00bb transition_delay=\u00a0\u00bb1&Prime;][vc_empty_space height=\u00a0\u00bb40px\u00a0\u00bb][vc_column_text]<\/p>\n<h3 style=\"text-align: center;\"><span style=\"color: #1c438f; font-weight: 900; text-transform: uppercase;\">Certification de la non nocivit\u00e9 des mati\u00e8res premi\u00e8res, produits semi-finis et produits finis du secteur textile \u00e0 tous les niveaux de transformation<\/span><\/h3>\n<p>[\/vc_column_text][vc_empty_space height=\u00a0\u00bb40px\u00a0\u00bb]<a href=\"\/wp-content\/uploads\/2025\/06\/oekotex-standard-100-20240k1481.pdf\" target=\"_blank\" data-hover-color='#ffffff' class=\"qbutton  small\" style=\"color: #1c438f; \">Voir la certification<\/a>[vc_empty_space height=\u00a0\u00bb40px\u00a0\u00bb][\/vc_column][\/vc_row][vc_row row_type=\u00a0\u00bbrow\u00a0\u00bb use_row_as_full_screen_section=\u00a0\u00bbno\u00a0\u00bb type=\u00a0\u00bbfull_width\u00a0\u00bb text_align=\u00a0\u00bbleft\u00a0\u00bb background_animation=\u00a0\u00bbnone\u00a0\u00bb css_animation=\u00a0\u00bb\u00a0\u00bb][vc_column width=\u00a0\u00bb1\/2&Prime; offset=\u00a0\u00bbvc_hidden-xs\u00a0\u00bb][vc_separator type=\u00a0\u00bbnormal\u00a0\u00bb border_style=\u00a0\u00bbdashed\u00a0\u00bb color=\u00a0\u00bb#1c438f\u00a0\u00bb][\/vc_column][vc_column width=\u00a0\u00bb1\/2&Prime; offset=\u00a0\u00bbvc_hidden-xs\u00a0\u00bb][vc_separator type=\u00a0\u00bbnormal\u00a0\u00bb border_style=\u00a0\u00bbdashed\u00a0\u00bb color=\u00a0\u00bb#1c438f\u00a0\u00bb][\/vc_column][\/vc_row][vc_row row_type=\u00a0\u00bbrow\u00a0\u00bb use_row_as_full_screen_section=\u00a0\u00bbno\u00a0\u00bb type=\u00a0\u00bbfull_width\u00a0\u00bb text_align=\u00a0\u00bbcenter\u00a0\u00bb background_animation=\u00a0\u00bbnone\u00a0\u00bb css_animation=\u00a0\u00bb\u00a0\u00bb][vc_column width=\u00a0\u00bb1\/2&Prime;][vc_empty_space height=\u00a0\u00bb40px\u00a0\u00bb][vc_single_image image=\u00a0\u00bb23191&Prime; img_size=\u00a0\u00bb\u00a0\u00bb alignment=\u00a0\u00bbcenter\u00a0\u00bb qode_css_animation=\u00a0\u00bb\u00a0\u00bb transition_delay=\u00a0\u00bb1&Prime;][vc_empty_space height=\u00a0\u00bb40px\u00a0\u00bb][vc_column_text]<\/p>\n<h3 style=\"text-align: center;\"><span style=\"color: #1c438f; font-weight: 900; text-transform: uppercase;\">TF \u2014 Traceability and Fashion<br \/>\nCertification de v\u00eatement enti\u00e8rement produit en Italie, d\u00e9livr\u00e9e par la Chambre de Commerce.<\/span><\/h3>\n<p>[\/vc_column_text][vc_empty_space height=\u00a0\u00bb25px\u00a0\u00bb]<a href=\"https:\/\/forint.it\/wp-content\/uploads\/2020\/07\/Forint_Timbro-Origine-Italiana-T-Fashion.pdf\" target=\"_blank\" data-hover-color='#ffffff' class=\"qbutton  small\" style=\"color: #1c438f; \">Voir la certification<\/a>[vc_empty_space height=\u00a0\u00bb40px\u00a0\u00bb][\/vc_column][vc_column width=\u00a0\u00bb1\/2&Prime;][\/vc_column][\/vc_row][vc_row row_type=\u00a0\u00bbrow\u00a0\u00bb use_row_as_full_screen_section=\u00a0\u00bbno\u00a0\u00bb type=\u00a0\u00bbfull_width\u00a0\u00bb text_align=\u00a0\u00bbleft\u00a0\u00bb background_animation=\u00a0\u00bbnone\u00a0\u00bb css_animation=\u00a0\u00bb\u00a0\u00bb][vc_column width=\u00a0\u00bb1\/2&Prime;][vc_empty_space height=\u00a0\u00bb10px\u00a0\u00bb][vc_column_text]<strong>TF<\/strong> est le syst\u00e8me volontaire de Tra\u00e7abilit\u00e9, promu par Unioncamere et les Chambres de Commerce italiennes, et g\u00e9r\u00e9 par Unionfiliere, visant \u00e0 requalifier et valoriser les produits des <strong>fili\u00e8res Or et Mode<\/strong>, protagonistes du <strong>Made in Italy<\/strong>.<\/p>\n<p>&nbsp;<\/p>\n<p>Gr\u00e2ce \u00e0 cette certification, nous pouvons garantir \u00e0 nos clients la <strong>transparence maximale<\/strong> concernant les produits qu&rsquo;ils ach\u00e8tent. Chacun de nos v\u00eatements est en effet accompagn\u00e9 d&rsquo;une \u00e9tiquette contenant des informations sur son origine, son histoire, ses caract\u00e9ristiques : <strong>son identit\u00e9<\/strong>.[\/vc_column_text][vc_empty_space height=\u00a0\u00bb10px\u00a0\u00bb][\/vc_column][vc_column width=\u00a0\u00bb1\/2&Prime;][vc_empty_space height=\u00a0\u00bb10px\u00a0\u00bb][vc_column_text]Informations telles que :<br \/>\n\u2022 Les lieux de transformation des diff\u00e9rentes \u00e9tapes de la fili\u00e8re ;<br \/>\n\u2022 Les principales caract\u00e9ristiques du produit en mati\u00e8re de salubrit\u00e9, de durabilit\u00e9 environnementale, de responsabilit\u00e9 sociale des entreprises ;<br \/>\n\u2022 Les d\u00e9tails relatifs au transport \u00e0 chaque \u00e9tape de la production.<\/p>\n<p>&nbsp;<\/p>\n<p>Chez Forint, nous consid\u00e9rons la certification TF comme fondamentale. Car nous croyons en un commerce \u00e9conomique comp\u00e9titif, mais aussi propre, sain, fond\u00e9 sur des valeurs telles que <strong>l\u2019\u00e9thique de production et la qualit\u00e9<\/strong>.[\/vc_column_text][vc_empty_space height=\u00a0\u00bb10px\u00a0\u00bb][\/vc_column][\/vc_row][vc_row row_type=\u00a0\u00bbrow\u00a0\u00bb use_row_as_full_screen_section=\u00a0\u00bbno\u00a0\u00bb type=\u00a0\u00bbfull_width\u00a0\u00bb text_align=\u00a0\u00bbleft\u00a0\u00bb background_animation=\u00a0\u00bbnone\u00a0\u00bb css_animation=\u00a0\u00bb\u00a0\u00bb][vc_column][vc_empty_space height=\u00a0\u00bb110px\u00a0\u00bb][\/vc_column][\/vc_row]<\/p>\n<\/div>","protected":false},"excerpt":{"rendered":"<p>[vc_row row_type=\u00a0\u00bbrow\u00a0\u00bb use_row_as_full_screen_section=\u00a0\u00bbno\u00a0\u00bb type=\u00a0\u00bbfull_width\u00a0\u00bb text_align=\u00a0\u00bbleft\u00a0\u00bb background_animation=\u00a0\u00bbnone\u00a0\u00bb css_animation=\u00a0\u00bb\u00a0\u00bb][vc_column][vc_empty_space height=\u00a0\u00bb40px\u00a0\u00bb][vc_column_text] Nous recherchons l&rsquo;excellence, mais notre objectif principal est la s\u00e9curit\u00e9 des processus \u00e0 chaque \u00e9tape de la cha\u00eene d&rsquo;approvisionnement. [\/vc_column_text][vc_empty_space height=\u00a0\u00bb40px\u00a0\u00bb][\/vc_column][\/vc_row][vc_row row_type=\u00a0\u00bbrow\u00a0\u00bb use_row_as_full_screen_section=\u00a0\u00bbno\u00a0\u00bb type=\u00a0\u00bbfull_width\u00a0\u00bb text_align=\u00a0\u00bbcenter\u00a0\u00bb background_animation=\u00a0\u00bbnone\u00a0\u00bb css_animation=\u00a0\u00bb\u00a0\u00bb][vc_column width=\u00a0\u00bb1\/2&Prime;][vc_empty_space height=\u00a0\u00bb40px\u00a0\u00bb][vc_single_image image=\u00a0\u00bb23142&Prime; img_size=\u00a0\u00bb\u00a0\u00bb alignment=\u00a0\u00bbcenter\u00a0\u00bb qode_css_animation=\u00a0\u00bb\u00a0\u00bb transition_delay=\u00a0\u00bb1&Prime;][vc_empty_space height=\u00a0\u00bb40px\u00a0\u00bb][vc_column_text] Certification du&#8230;<\/p>\n","protected":false},"author":4,"featured_media":0,"parent":0,"menu_order":0,"comment_status":"closed","ping_status":"closed","template":"","meta":{"inline_featured_image":false,"_exactmetrics_skip_tracking":false,"_exactmetrics_sitenote_active":false,"_exactmetrics_sitenote_note":"","_exactmetrics_sitenote_category":0,"footnotes":""},"class_list":["post-23108","page","type-page","status-publish","hentry"],"aioseo_notices":[],"_links":{"self":[{"href":"https:\/\/forint.it\/fr\/wp-json\/wp\/v2\/pages\/23108","targetHints":{"allow":["GET"]}}],"collection":[{"href":"https:\/\/forint.it\/fr\/wp-json\/wp\/v2\/pages"}],"about":[{"href":"https:\/\/forint.it\/fr\/wp-json\/wp\/v2\/types\/page"}],"author":[{"embeddable":true,"href":"https:\/\/forint.it\/fr\/wp-json\/wp\/v2\/users\/4"}],"replies":[{"embeddable":true,"href":"https:\/\/forint.it\/fr\/wp-json\/wp\/v2\/comments?post=23108"}],"version-history":[{"count":8,"href":"https:\/\/forint.it\/fr\/wp-json\/wp\/v2\/pages\/23108\/revisions"}],"predecessor-version":[{"id":23626,"href":"https:\/\/forint.it\/fr\/wp-json\/wp\/v2\/pages\/23108\/revisions\/23626"}],"wp:attachment":[{"href":"https:\/\/forint.it\/fr\/wp-json\/wp\/v2\/media?parent=23108"}],"curies":[{"name":"wp","href":"https:\/\/api.w.org\/{rel}","templated":true}]}}